{"id":1799,"date":"2024-09-03T09:15:23","date_gmt":"2024-09-03T15:15:23","guid":{"rendered":"http:\/\/10.4.255.54\/?page_id=1799"},"modified":"2024-09-03T09:53:40","modified_gmt":"2024-09-03T15:53:40","slug":"ventanilla-abierta","status":"publish","type":"page","link":"https:\/\/www.redconare.ac.cr\/en\/ventanilla-abierta\/","title":{"rendered":"Ventanilla Abierta"},"content":{"rendered":"<div data-elementor-type=\"wp-page\" data-elementor-id=\"1799\" class=\"elementor elementor-1799\">\n\t\t\t\t<div class=\"elementor-element elementor-element-4973f13 e-flex e-con-boxed e-con e-parent\" data-id=\"4973f13\" data-element_type=\"container\">\n\t\t\t\t\t<div class=\"e-con-inner\">\n\t\t\t\t<div class=\"elementor-element elementor-element-2a3daa5 elementor-widget elementor-widget-text-editor\" data-id=\"2a3daa5\" data-element_type=\"widget\" data-widget_type=\"text-editor.default\">\n\t\t\t\t<div class=\"elementor-widget-container\">\n\t\t\t\t\t\t\t\t\t<section id=\"section-id-1714427490201\" class=\"sppb-section\"><div class=\"sppb-row-container\"><div class=\"sppb-row\"><div id=\"column-wrap-id-1714427490200\" class=\"sppb-row-column\"><div id=\"column-id-1714427490200\" class=\"sppb-column\"><div class=\"sppb-column-addons\"><div id=\"sppb-addon-wrapper-1714427522883\" class=\"sppb-addon-wrapper  addon-root-text-block\"><div id=\"sppb-addon-1714427522883\" class=\"clearfix\"><div class=\"sppb-addon sppb-addon-text-block\"><div class=\"sppb-addon-content\"><p>La Ventanilla Abierta a la investigaci\u00f3n cient\u00edfica en Am\u00e9rica Latina y El Caribe (VA) es un servicio dise\u00f1ado para aumentar el uso y el conocimiento de los recursos de e-Infraestructura en varios campos de investigaci\u00f3n.<\/p><\/div><\/div><\/div><\/div><\/div><\/div><\/div><\/div><\/div><\/section>\t\t\t\t\t\t\t\t<\/div>\n\t\t\t\t<\/div>\n\t\t\t\t\t<\/div>\n\t\t\t\t<\/div>\n\t\t<div class=\"elementor-element elementor-element-c3862fd e-flex e-con-boxed e-con e-parent\" data-id=\"c3862fd\" data-element_type=\"container\">\n\t\t\t\t\t<div class=\"e-con-inner\">\n\t\t\t\t<div class=\"elementor-element elementor-element-182503b elementor-widget elementor-widget-heading\" data-id=\"182503b\" data-element_type=\"widget\" data-widget_type=\"heading.default\">\n\t\t\t\t<div class=\"elementor-widget-container\">\n\t\t\t\t\t<h2 class=\"elementor-heading-title elementor-size-default\">\u00bfQui\u00e9nes pueden usar Ventanilla Abierta?\n<\/h2>\t\t\t\t<\/div>\n\t\t\t\t<\/div>\n\t\t\t\t\t<\/div>\n\t\t\t\t<\/div>\n\t\t<div class=\"elementor-element elementor-element-a2a8efb e-flex e-con-boxed e-con e-parent\" data-id=\"a2a8efb\" data-element_type=\"container\">\n\t\t\t\t\t<div class=\"e-con-inner\">\n\t\t\t\t<div class=\"elementor-element elementor-element-c6c4965 elementor-widget elementor-widget-text-editor\" data-id=\"c6c4965\" data-element_type=\"widget\" data-widget_type=\"text-editor.default\">\n\t\t\t\t<div class=\"elementor-widget-container\">\n\t\t\t\t\t\t\t\t\t<p>Este servicio est\u00e1 dirigido a cient\u00edficos, acad\u00e9micos e investigadores de Instituciones de Educaci\u00f3n Superior y centros de investigaci\u00f3n de Am\u00e9rica Latina y el Caribe (ya sea distribuidos en el continente -y\/o colaborando con otras regiones del mundo- o establecidos en un \u00fanico pa\u00eds), que requieran incorporar plataformas cient\u00edficas abiertas, c\u00f3mputo de alto rendimiento, herramientas de transferencia y almacenamiento de datos y \/ o servicios de confianza e identidad en sus procesos de investigaci\u00f3n.<\/p><p>Todos los investigadores, acad\u00e9micos y\/o cient\u00edficos de cualquier disciplina est\u00e1n llamados a solicitar de manera permanente la ayuda de las Redes Nacionales de Investigaci\u00f3n y Educaci\u00f3n establecidas en Am\u00e9rica Latina y socias de RedCLARA. Todas las \u00e1reas del saber\/academia son bienvenidas.<\/p>\t\t\t\t\t\t\t\t<\/div>\n\t\t\t\t<\/div>\n\t\t\t\t\t<\/div>\n\t\t\t\t<\/div>\n\t\t<div class=\"elementor-element elementor-element-0053da2 e-flex e-con-boxed e-con e-parent\" data-id=\"0053da2\" data-element_type=\"container\">\n\t\t\t\t\t<div class=\"e-con-inner\">\n\t\t\t\t<div class=\"elementor-element elementor-element-0eede54 elementor-widget elementor-widget-html\" data-id=\"0eede54\" data-element_type=\"widget\" data-widget_type=\"html.default\">\n\t\t\t\t<div class=\"elementor-widget-container\">\n\t\t\t\t\t<iframe src=\"https:\/\/ventanilla.redclara.net\/ \" frameborder=\"0\" id=\"ventanillarc\"><\/iframe>\t\t\t\t<\/div>\n\t\t\t\t<\/div>\n\t\t\t\t\t<\/div>\n\t\t\t\t<\/div>\n\t\t\t\t<\/div>","protected":false},"excerpt":{"rendered":"<p>La Ventanilla Abierta a la investigaci\u00f3n cient\u00edfica en Am\u00e9rica Latina y El Caribe (VA) es un servicio dise\u00f1ado para aumentar el uso y el conocimiento de los recursos de e-Infraestructura&hellip;<\/p>\n<p> <a class=\"more-link\" href=\"https:\/\/www.redconare.ac.cr\/en\/ventanilla-abierta\/\">Leer m\u00e1s<\/a><\/p>","protected":false},"author":1,"featured_media":1811,"parent":0,"menu_order":0,"comment_status":"closed","ping_status":"closed","template":"","meta":{"footnotes":""},"class_list":["post-1799","page","type-page","status-publish","has-post-thumbnail"],"yoast_head":"<!-- This site is optimized with the Yoast SEO plugin v25.2 - https:\/\/yoast.com\/wordpress\/plugins\/seo\/ -->\n<title>Ventanilla Abierta - RedCONARE<\/title>\n<meta name=\"robots\" content=\"index, follow, max-snippet:-1, max-image-preview:large, max-video-preview:-1\" \/>\n<link rel=\"canonical\" href=\"https:\/\/www.redconare.ac.cr\/en\/ventanilla-abierta\/\" \/>\n<meta property=\"og:locale\" content=\"en_US\" \/>\n<meta property=\"og:type\" content=\"article\" \/>\n<meta property=\"og:title\" content=\"Ventanilla Abierta - RedCONARE\" \/>\n<meta property=\"og:description\" content=\"La Ventanilla Abierta a la investigaci\u00f3n cient\u00edfica en Am\u00e9rica Latina y El Caribe (VA) es un servicio dise\u00f1ado para aumentar el uso y el conocimiento de los recursos de e-Infraestructura&hellip;  Leer m\u00e1s\" \/>\n<meta property=\"og:url\" content=\"https:\/\/www.redconare.ac.cr\/en\/ventanilla-abierta\/\" \/>\n<meta property=\"og:site_name\" content=\"RedCONARE\" \/>\n<meta property=\"article:publisher\" content=\"https:\/\/www.facebook.com\/RedCONARE\" \/>\n<meta property=\"article:modified_time\" content=\"2024-09-03T15:53:40+00:00\" \/>\n<meta property=\"og:image\" content=\"https:\/\/www.redconare.ac.cr\/wp-content\/uploads\/2024\/09\/va-bg.png\" \/>\n\t<meta property=\"og:image:width\" content=\"1945\" \/>\n\t<meta property=\"og:image:height\" content=\"975\" \/>\n\t<meta property=\"og:image:type\" content=\"image\/png\" \/>\n<meta name=\"twitter:card\" content=\"summary_large_image\" \/>\n<meta name=\"twitter:site\" content=\"@redconare\" \/>\n<meta name=\"twitter:label1\" content=\"Est. reading time\" \/>\n\t<meta name=\"twitter:data1\" content=\"1 minute\" \/>\n<script type=\"application\/ld+json\" class=\"yoast-schema-graph\">{\"@context\":\"https:\/\/schema.org\",\"@graph\":[{\"@type\":\"WebPage\",\"@id\":\"https:\/\/www.redconare.ac.cr\/ventanilla-abierta\/\",\"url\":\"https:\/\/www.redconare.ac.cr\/ventanilla-abierta\/\",\"name\":\"Ventanilla Abierta - RedCONARE\",\"isPartOf\":{\"@id\":\"https:\/\/www.redconare.ac.cr\/#website\"},\"primaryImageOfPage\":{\"@id\":\"https:\/\/www.redconare.ac.cr\/ventanilla-abierta\/#primaryimage\"},\"image\":{\"@id\":\"https:\/\/www.redconare.ac.cr\/ventanilla-abierta\/#primaryimage\"},\"thumbnailUrl\":\"https:\/\/www.redconare.ac.cr\/wp-content\/uploads\/2024\/09\/va-bg.png\",\"datePublished\":\"2024-09-03T15:15:23+00:00\",\"dateModified\":\"2024-09-03T15:53:40+00:00\",\"breadcrumb\":{\"@id\":\"https:\/\/www.redconare.ac.cr\/ventanilla-abierta\/#breadcrumb\"},\"inLanguage\":\"en-US\",\"potentialAction\":[{\"@type\":\"ReadAction\",\"target\":[\"https:\/\/www.redconare.ac.cr\/ventanilla-abierta\/\"]}]},{\"@type\":\"ImageObject\",\"inLanguage\":\"en-US\",\"@id\":\"https:\/\/www.redconare.ac.cr\/ventanilla-abierta\/#primaryimage\",\"url\":\"https:\/\/www.redconare.ac.cr\/wp-content\/uploads\/2024\/09\/va-bg.png\",\"contentUrl\":\"https:\/\/www.redconare.ac.cr\/wp-content\/uploads\/2024\/09\/va-bg.png\",\"width\":1945,\"height\":975},{\"@type\":\"BreadcrumbList\",\"@id\":\"https:\/\/www.redconare.ac.cr\/ventanilla-abierta\/#breadcrumb\",\"itemListElement\":[{\"@type\":\"ListItem\",\"position\":1,\"name\":\"Home\",\"item\":\"https:\/\/www.redconare.ac.cr\/\"},{\"@type\":\"ListItem\",\"position\":2,\"name\":\"Ventanilla Abierta\"}]},{\"@type\":\"WebSite\",\"@id\":\"https:\/\/www.redconare.ac.cr\/#website\",\"url\":\"https:\/\/www.redconare.ac.cr\/\",\"name\":\"RedCONARE\",\"description\":\"Red Avanzada de Investigaci\u00f3n y Educaci\u00f3n del Consejo Nacional de Rectores de Costa Rica\",\"publisher\":{\"@id\":\"https:\/\/www.redconare.ac.cr\/#organization\"},\"potentialAction\":[{\"@type\":\"SearchAction\",\"target\":{\"@type\":\"EntryPoint\",\"urlTemplate\":\"https:\/\/www.redconare.ac.cr\/?s={search_term_string}\"},\"query-input\":{\"@type\":\"PropertyValueSpecification\",\"valueRequired\":true,\"valueName\":\"search_term_string\"}}],\"inLanguage\":\"en-US\"},{\"@type\":\"Organization\",\"@id\":\"https:\/\/www.redconare.ac.cr\/#organization\",\"name\":\"RedCONARE\",\"url\":\"https:\/\/www.redconare.ac.cr\/\",\"logo\":{\"@type\":\"ImageObject\",\"inLanguage\":\"en-US\",\"@id\":\"https:\/\/www.redconare.ac.cr\/#\/schema\/logo\/image\/\",\"url\":\"http:\/\/10.4.255.54\/wp-content\/uploads\/2024\/08\/cropped-RedCONARE-square.png\",\"contentUrl\":\"http:\/\/10.4.255.54\/wp-content\/uploads\/2024\/08\/cropped-RedCONARE-square.png\",\"width\":512,\"height\":512,\"caption\":\"RedCONARE\"},\"image\":{\"@id\":\"https:\/\/www.redconare.ac.cr\/#\/schema\/logo\/image\/\"},\"sameAs\":[\"https:\/\/www.facebook.com\/RedCONARE\",\"https:\/\/x.com\/redconare\"]}]}<\/script>\n<!-- \/ Yoast SEO plugin. -->","yoast_head_json":{"title":"Ventanilla Abierta - RedCONARE","robots":{"index":"index","follow":"follow","max-snippet":"max-snippet:-1","max-image-preview":"max-image-preview:large","max-video-preview":"max-video-preview:-1"},"canonical":"https:\/\/www.redconare.ac.cr\/en\/ventanilla-abierta\/","og_locale":"en_US","og_type":"article","og_title":"Ventanilla Abierta - RedCONARE","og_description":"La Ventanilla Abierta a la investigaci\u00f3n cient\u00edfica en Am\u00e9rica Latina y El Caribe (VA) es un servicio dise\u00f1ado para aumentar el uso y el conocimiento de los recursos de e-Infraestructura&hellip;  Leer m\u00e1s","og_url":"https:\/\/www.redconare.ac.cr\/en\/ventanilla-abierta\/","og_site_name":"RedCONARE","article_publisher":"https:\/\/www.facebook.com\/RedCONARE","article_modified_time":"2024-09-03T15:53:40+00:00","og_image":[{"width":1945,"height":975,"url":"https:\/\/www.redconare.ac.cr\/wp-content\/uploads\/2024\/09\/va-bg.png","type":"image\/png"}],"twitter_card":"summary_large_image","twitter_site":"@redconare","twitter_misc":{"Est. reading time":"1 minute"},"schema":{"@context":"https:\/\/schema.org","@graph":[{"@type":"WebPage","@id":"https:\/\/www.redconare.ac.cr\/ventanilla-abierta\/","url":"https:\/\/www.redconare.ac.cr\/ventanilla-abierta\/","name":"Ventanilla Abierta - RedCONARE","isPartOf":{"@id":"https:\/\/www.redconare.ac.cr\/#website"},"primaryImageOfPage":{"@id":"https:\/\/www.redconare.ac.cr\/ventanilla-abierta\/#primaryimage"},"image":{"@id":"https:\/\/www.redconare.ac.cr\/ventanilla-abierta\/#primaryimage"},"thumbnailUrl":"https:\/\/www.redconare.ac.cr\/wp-content\/uploads\/2024\/09\/va-bg.png","datePublished":"2024-09-03T15:15:23+00:00","dateModified":"2024-09-03T15:53:40+00:00","breadcrumb":{"@id":"https:\/\/www.redconare.ac.cr\/ventanilla-abierta\/#breadcrumb"},"inLanguage":"en-US","potentialAction":[{"@type":"ReadAction","target":["https:\/\/www.redconare.ac.cr\/ventanilla-abierta\/"]}]},{"@type":"ImageObject","inLanguage":"en-US","@id":"https:\/\/www.redconare.ac.cr\/ventanilla-abierta\/#primaryimage","url":"https:\/\/www.redconare.ac.cr\/wp-content\/uploads\/2024\/09\/va-bg.png","contentUrl":"https:\/\/www.redconare.ac.cr\/wp-content\/uploads\/2024\/09\/va-bg.png","width":1945,"height":975},{"@type":"BreadcrumbList","@id":"https:\/\/www.redconare.ac.cr\/ventanilla-abierta\/#breadcrumb","itemListElement":[{"@type":"ListItem","position":1,"name":"Home","item":"https:\/\/www.redconare.ac.cr\/"},{"@type":"ListItem","position":2,"name":"Ventanilla Abierta"}]},{"@type":"WebSite","@id":"https:\/\/www.redconare.ac.cr\/#website","url":"https:\/\/www.redconare.ac.cr\/","name":"RedCONARE","description":"Red Avanzada de Investigaci\u00f3n y Educaci\u00f3n del Consejo Nacional de Rectores de Costa Rica","publisher":{"@id":"https:\/\/www.redconare.ac.cr\/#organization"},"potentialAction":[{"@type":"SearchAction","target":{"@type":"EntryPoint","urlTemplate":"https:\/\/www.redconare.ac.cr\/?s={search_term_string}"},"query-input":{"@type":"PropertyValueSpecification","valueRequired":true,"valueName":"search_term_string"}}],"inLanguage":"en-US"},{"@type":"Organization","@id":"https:\/\/www.redconare.ac.cr\/#organization","name":"RedCONARE","url":"https:\/\/www.redconare.ac.cr\/","logo":{"@type":"ImageObject","inLanguage":"en-US","@id":"https:\/\/www.redconare.ac.cr\/#\/schema\/logo\/image\/","url":"http:\/\/10.4.255.54\/wp-content\/uploads\/2024\/08\/cropped-RedCONARE-square.png","contentUrl":"http:\/\/10.4.255.54\/wp-content\/uploads\/2024\/08\/cropped-RedCONARE-square.png","width":512,"height":512,"caption":"RedCONARE"},"image":{"@id":"https:\/\/www.redconare.ac.cr\/#\/schema\/logo\/image\/"},"sameAs":["https:\/\/www.facebook.com\/RedCONARE","https:\/\/x.com\/redconare"]}]}},"jetpack_sharing_enabled":true,"_links":{"self":[{"href":"https:\/\/www.redconare.ac.cr\/en\/wp-json\/wp\/v2\/pages\/1799","targetHints":{"allow":["GET"]}}],"collection":[{"href":"https:\/\/www.redconare.ac.cr\/en\/wp-json\/wp\/v2\/pages"}],"about":[{"href":"https:\/\/www.redconare.ac.cr\/en\/wp-json\/wp\/v2\/types\/page"}],"author":[{"embeddable":true,"href":"https:\/\/www.redconare.ac.cr\/en\/wp-json\/wp\/v2\/users\/1"}],"replies":[{"embeddable":true,"href":"https:\/\/www.redconare.ac.cr\/en\/wp-json\/wp\/v2\/comments?post=1799"}],"version-history":[{"count":0,"href":"https:\/\/www.redconare.ac.cr\/en\/wp-json\/wp\/v2\/pages\/1799\/revisions"}],"wp:featuredmedia":[{"embeddable":true,"href":"https:\/\/www.redconare.ac.cr\/en\/wp-json\/wp\/v2\/media\/1811"}],"wp:attachment":[{"href":"https:\/\/www.redconare.ac.cr\/en\/wp-json\/wp\/v2\/media?parent=1799"}],"curies":[{"name":"wp","href":"https:\/\/api.w.org\/{rel}","templated":true}]}}