{"id":123,"date":"2023-03-13T16:31:56","date_gmt":"2023-03-13T16:31:56","guid":{"rendered":"https:\/\/www.redconare.ac.cr\/?page_id=123"},"modified":"2024-09-09T21:44:38","modified_gmt":"2024-09-10T03:44:38","slug":"eduroam","status":"publish","type":"page","link":"https:\/\/www.redconare.ac.cr\/en\/eduroam\/","title":{"rendered":"Eduroam"},"content":{"rendered":"<div data-elementor-type=\"wp-page\" data-elementor-id=\"123\" class=\"elementor elementor-123\">\n\t\t\t\t\t\t<section class=\"elementor-section elementor-top-section elementor-element elementor-element-f9e5521 elementor-section-boxed elementor-section-height-default elementor-section-height-default\" data-id=\"f9e5521\" data-element_type=\"section\">\n\t\t\t\t\t\t<div class=\"elementor-container elementor-column-gap-default\">\n\t\t\t\t\t<div class=\"elementor-column elementor-col-100 elementor-top-column elementor-element elementor-element-866ab85\" data-id=\"866ab85\" data-element_type=\"column\">\n\t\t\t<div class=\"elementor-widget-wrap elementor-element-populated\">\n\t\t\t\t\t\t<div class=\"elementor-element elementor-element-c9b08cd elementor-widget elementor-widget-spacer\" data-id=\"c9b08cd\" data-element_type=\"widget\" data-widget_type=\"spacer.default\">\n\t\t\t\t<div class=\"elementor-widget-container\">\n\t\t\t\t\t\t\t<div class=\"elementor-spacer\">\n\t\t\t<div class=\"elementor-spacer-inner\"><\/div>\n\t\t<\/div>\n\t\t\t\t\t\t<\/div>\n\t\t\t\t<\/div>\n\t\t\t\t<div class=\"elementor-element elementor-element-9ace63c elementor-widget elementor-widget-text-editor\" data-id=\"9ace63c\" data-element_type=\"widget\" data-widget_type=\"text-editor.default\">\n\t\t\t\t<div class=\"elementor-widget-container\">\n\t\t\t\t\t\t\t\t\t<h2>What is Eduroam?<\/h2><p>Eduroam (Education Roaming) is a secure, global wireless access network for the academic and research community. It allows students, faculty and researchers from participating institutions to access high-speed Internet and online resources while traveling to other participating institutions around the world. Eduroam allows users to connect securely and easily to the Internet anywhere there is a participating institution.<\/p><p>Eduroam-cr is part of the global mobility space operated by European academic networks and TERENA (Trans-European Research and Education Networking Association) which cover Europe through eduroam Europe, and extend to eduroam Canada, eduroam US, and eduroam APAN (Asia and Pacific).<\/p>\t\t\t\t\t\t\t\t<\/div>\n\t\t\t\t<\/div>\n\t\t\t\t\t<\/div>\n\t\t<\/div>\n\t\t\t\t\t<\/div>\n\t\t<\/section>\n\t\t\t\t<section class=\"elementor-section elementor-top-section elementor-element elementor-element-1cd8dc0 elementor-section-boxed elementor-section-height-default elementor-section-height-default\" data-id=\"1cd8dc0\" data-element_type=\"section\">\n\t\t\t\t\t\t<div class=\"elementor-container elementor-column-gap-default\">\n\t\t\t\t\t<div class=\"elementor-column elementor-col-50 elementor-top-column elementor-element elementor-element-2752e94\" data-id=\"2752e94\" data-element_type=\"column\">\n\t\t\t<div class=\"elementor-widget-wrap elementor-element-populated\">\n\t\t\t\t\t\t<div class=\"elementor-element elementor-element-0094f2f elementor-widget elementor-widget-image\" data-id=\"0094f2f\" data-element_type=\"widget\" data-widget_type=\"image.default\">\n\t\t\t\t<div class=\"elementor-widget-container\">\n\t\t\t\t\t\t\t\t\t\t\t\t\t\t\t\t<a href=\"https:\/\/www.racsa.go.cr\/zii\/\">\n\t\t\t\t\t\t\t<img decoding=\"async\" src=\"https:\/\/www.redconare.ac.cr\/wp-content\/uploads\/2023\/03\/zii_principal-300x300-1.png\" title=\"\" alt=\"\" loading=\"lazy\" \/>\t\t\t\t\t\t\t\t<\/a>\n\t\t\t\t\t\t\t\t\t\t\t\t\t\t\t<\/div>\n\t\t\t\t<\/div>\n\t\t\t\t\t<\/div>\n\t\t<\/div>\n\t\t\t\t<div class=\"elementor-column elementor-col-50 elementor-top-column elementor-element elementor-element-0ef2ca6\" data-id=\"0ef2ca6\" data-element_type=\"column\">\n\t\t\t<div class=\"elementor-widget-wrap elementor-element-populated\">\n\t\t\t\t\t\t<div class=\"elementor-element elementor-element-b949672 elementor-widget elementor-widget-text-editor\" data-id=\"b949672\" data-element_type=\"widget\" data-widget_type=\"text-editor.default\">\n\t\t\t\t<div class=\"elementor-widget-container\">\n\t\t\t\t\t\t\t\t\t<h2>What is Zli Wifi?<\/h2><p>Zli Wifi is a free wireless internet zone program developed by Consorcio RACSA, ICE and PC as an initiative of SUTEL through the Fondo Nacional de Telecomunicaciones (FONATEL).<\/p><p>This project aims to bring free wireless Internet to several areas of the country.<\/p><p>\u00a0<\/p><p><a href=\"https:\/\/www.racsa.go.cr\/zii\/\">See more<\/a><\/p>\t\t\t\t\t\t\t\t<\/div>\n\t\t\t\t<\/div>\n\t\t\t\t\t<\/div>\n\t\t<\/div>\n\t\t\t\t\t<\/div>\n\t\t<\/section>\n\t\t\t\t<section class=\"elementor-section elementor-top-section elementor-element elementor-element-c568606 elementor-section-boxed elementor-section-height-default elementor-section-height-default\" data-id=\"c568606\" data-element_type=\"section\">\n\t\t\t\t\t\t<div class=\"elementor-container elementor-column-gap-default\">\n\t\t\t\t\t<div class=\"elementor-column elementor-col-100 elementor-top-column elementor-element elementor-element-2abcbaa\" data-id=\"2abcbaa\" data-element_type=\"column\">\n\t\t\t<div class=\"elementor-widget-wrap elementor-element-populated\">\n\t\t\t\t\t\t<div class=\"elementor-element elementor-element-239de3b elementor-widget elementor-widget-text-editor\" data-id=\"239de3b\" data-element_type=\"widget\" data-widget_type=\"text-editor.default\">\n\t\t\t\t<div class=\"elementor-widget-container\">\n\t\t\t\t\t\t\t\t\t<h1 id=\"Participantes\"><\/h1>\t\t\t\t\t\t\t\t<\/div>\n\t\t\t\t<\/div>\n\t\t\t\t<div class=\"elementor-element elementor-element-0585374 elementor-widget elementor-widget-spacer\" data-id=\"0585374\" data-element_type=\"widget\" data-widget_type=\"spacer.default\">\n\t\t\t\t<div class=\"elementor-widget-container\">\n\t\t\t\t\t\t\t<div class=\"elementor-spacer\">\n\t\t\t<div class=\"elementor-spacer-inner\"><\/div>\n\t\t<\/div>\n\t\t\t\t\t\t<\/div>\n\t\t\t\t<\/div>\n\t\t\t\t<div class=\"elementor-element elementor-element-8b6a84c elementor-widget elementor-widget-text-editor\" data-id=\"8b6a84c\" data-element_type=\"widget\" data-widget_type=\"text-editor.default\">\n\t\t\t\t<div class=\"elementor-widget-container\">\n\t\t\t\t\t\t\t\t\t<h2 >Participants<\/h2>\nUniversities and Institutions members of the Costa Rican Academic Network that show their interest in eduroam and are developing local RADIUS server configuration activities, contributing to deploy the eduroam mobility space at a national level:\n\n<strong><a href=\"http:\/\/www.ucr.ac.cr\/\" target=\"_blank\" rel=\"noopener\">Universidad de Costa Rica (UCR)<\/a><\/strong>\n<strong><a href=\"http:\/\/www.tec.ac.cr\/\" target=\"_blank\" rel=\"noopener\">Instituto Tecnol\u00f3gico de Costa Rica (ITCR)<\/a><\/strong>\n<strong><a href=\"http:\/\/www.una.ac.cr\/\" target=\"_blank\" rel=\"noopener\">Universidad Nacional (UNA)<\/a><\/strong>\n<strong><a href=\"http:\/\/www.uned.ac.cr\/\" target=\"_blank\" rel=\"noopener\">Universidad\u00a0 Estatal a\u00a0 Distancia (UNED)<\/a><\/strong>\n<strong><a href=\"http:\/\/www.conare.ac.cr\/\" target=\"_blank\" rel=\"noopener\">CONSEJO NACIONAL DE RECTORES (CONARE)<\/a>\u00a0and its Programs.<\/strong>\t\t\t\t\t\t\t\t<\/div>\n\t\t\t\t<\/div>\n\t\t\t\t<section class=\"elementor-section elementor-inner-section elementor-element elementor-element-5be90cf elementor-section-boxed elementor-section-height-default elementor-section-height-default\" data-id=\"5be90cf\" data-element_type=\"section\">\n\t\t\t\t\t\t<div class=\"elementor-container elementor-column-gap-default\">\n\t\t\t\t\t<div class=\"elementor-column elementor-col-50 elementor-inner-column elementor-element elementor-element-7e8ba52\" data-id=\"7e8ba52\" data-element_type=\"column\">\n\t\t\t<div class=\"elementor-widget-wrap elementor-element-populated\">\n\t\t\t\t\t\t<div class=\"elementor-element elementor-element-a4f557b elementor-widget elementor-widget-image\" data-id=\"a4f557b\" data-element_type=\"widget\" data-widget_type=\"image.default\">\n\t\t\t\t<div class=\"elementor-widget-container\">\n\t\t\t\t\t\t\t\t\t\t\t\t\t\t\t<img decoding=\"async\" src=\"https:\/\/www.redconare.ac.cr\/wp-content\/uploads\/2021\/05\/RedCONARE-square.png\" title=\"\" alt=\"\" loading=\"lazy\" \/>\t\t\t\t\t\t\t\t\t\t\t\t\t\t\t<\/div>\n\t\t\t\t<\/div>\n\t\t\t\t\t<\/div>\n\t\t<\/div>\n\t\t\t\t<div class=\"elementor-column elementor-col-50 elementor-inner-column elementor-element elementor-element-057c644\" data-id=\"057c644\" data-element_type=\"column\">\n\t\t\t<div class=\"elementor-widget-wrap elementor-element-populated\">\n\t\t\t\t\t\t<div class=\"elementor-element elementor-element-704f15b elementor-widget elementor-widget-image\" data-id=\"704f15b\" data-element_type=\"widget\" data-widget_type=\"image.default\">\n\t\t\t\t<div class=\"elementor-widget-container\">\n\t\t\t\t\t\t\t\t\t\t\t\t\t\t\t<img decoding=\"async\" src=\"https:\/\/www.redconare.ac.cr\/wp-content\/uploads\/2023\/03\/conarelogo.png\" title=\"\" alt=\"\" loading=\"lazy\" \/>\t\t\t\t\t\t\t\t\t\t\t\t\t\t\t<\/div>\n\t\t\t\t<\/div>\n\t\t\t\t\t<\/div>\n\t\t<\/div>\n\t\t\t\t\t<\/div>\n\t\t<\/section>\n\t\t\t\t<div class=\"elementor-element elementor-element-fcd2cca elementor-widget elementor-widget-spacer\" data-id=\"fcd2cca\" data-element_type=\"widget\" data-widget_type=\"spacer.default\">\n\t\t\t\t<div class=\"elementor-widget-container\">\n\t\t\t\t\t\t\t<div class=\"elementor-spacer\">\n\t\t\t<div class=\"elementor-spacer-inner\"><\/div>\n\t\t<\/div>\n\t\t\t\t\t\t<\/div>\n\t\t\t\t<\/div>\n\t\t\t\t<div class=\"elementor-element elementor-element-b221ed9 elementor-widget elementor-widget-text-editor\" data-id=\"b221ed9\" data-element_type=\"widget\" data-widget_type=\"text-editor.default\">\n\t\t\t\t<div class=\"elementor-widget-container\">\n\t\t\t\t\t\t\t\t\t<h1 id=\"Estadisticasdeuso\"><\/h1>\t\t\t\t\t\t\t\t<\/div>\n\t\t\t\t<\/div>\n\t\t\t\t<div class=\"elementor-element elementor-element-df2561d elementor-widget elementor-widget-spacer\" data-id=\"df2561d\" data-element_type=\"widget\" data-widget_type=\"spacer.default\">\n\t\t\t\t<div class=\"elementor-widget-container\">\n\t\t\t\t\t\t\t<div class=\"elementor-spacer\">\n\t\t\t<div class=\"elementor-spacer-inner\"><\/div>\n\t\t<\/div>\n\t\t\t\t\t\t<\/div>\n\t\t\t\t<\/div>\n\t\t\t\t<div class=\"elementor-element elementor-element-f7b896a elementor-widget elementor-widget-text-editor\" data-id=\"f7b896a\" data-element_type=\"widget\" data-widget_type=\"text-editor.default\">\n\t\t\t\t<div class=\"elementor-widget-container\">\n\t\t\t\t\t\t\t\t\t<h2>Usage statistics<\/h2><p>Comprehensive statistics on Eduroam usage are available, providing valuable insight into the profile of its users. For a more detailed analysis, we invite you to visit the following information panels: connections by customer and also connections by country <a href=\"https:\/\/monitor.conare.ac.cr\/s\/invitado\/app\/dashboards#\/view\/18d08746-cb6e-4f94-af31-db01dcf8d072?_g=(filters:!(),refreshInterval:(pause:!t,value:0),time:(from:now-15m,to:now))\">conexiones por clientes<\/a> y tambi\u00e9n <a href=\"https:\/\/monitor.conare.ac.cr\/s\/invitado\/app\/dashboards#\/view\/f26ede23-5e3c-4822-94d6-20293cddb72a?_g=(filters:!(),refreshInterval:(pause:!t,value:0),time:(from:now-15m,to:now))\">conexiones por pa\u00eds<\/a><\/p><p>Below, we present a series of graphs illustrating the geography and origin of Eduroam users, providing a complete and reliable view of their reach and availability.<\/p>\t\t\t\t\t\t\t\t<\/div>\n\t\t\t\t<\/div>\n\t\t\t\t\t<\/div>\n\t\t<\/div>\n\t\t\t\t\t<\/div>\n\t\t<\/section>\n\t\t\t\t<section class=\"elementor-section elementor-top-section elementor-element elementor-element-9bec013 elementor-section-boxed elementor-section-height-default elementor-section-height-default\" data-id=\"9bec013\" data-element_type=\"section\">\n\t\t\t\t\t\t<div class=\"elementor-container elementor-column-gap-default\">\n\t\t\t\t\t<div class=\"elementor-column elementor-col-100 elementor-top-column elementor-element elementor-element-2a7076a\" data-id=\"2a7076a\" data-element_type=\"column\">\n\t\t\t<div class=\"elementor-widget-wrap elementor-element-populated\">\n\t\t\t\t\t\t<div class=\"elementor-element elementor-element-ddfd6ad elementor-widget elementor-widget-html\" data-id=\"ddfd6ad\" data-element_type=\"widget\" data-widget_type=\"html.default\">\n\t\t\t\t<div class=\"elementor-widget-container\">\n\t\t\t\t\t<iframe src=\"https:\/\/monitor.conare.ac.cr\/s\/invitado\/app\/dashboards#\/view\/66bd1140-ccbf-11ed-8ead-8fa19d9647e5?embed=true&_g=(filters%3A!()%2CrefreshInterval%3A(pause%3A!t%2Cvalue%3A0)%2Ctime%3A(from%3Anow%2Fw%2Cto%3Anow%2Fw))&hide-filter-bar=true\" height=\"600\" width=\"800\"><\/iframe>\t\t\t\t<\/div>\n\t\t\t\t<\/div>\n\t\t\t\t<div class=\"elementor-element elementor-element-f0b4c76 elementor-widget elementor-widget-text-editor\" data-id=\"f0b4c76\" data-element_type=\"widget\" data-widget_type=\"text-editor.default\">\n\t\t\t\t<div class=\"elementor-widget-container\">\n\t\t\t\t\t\t\t\t\t<h1 id=\"PreguntasFrecuentes\"><\/h1>\t\t\t\t\t\t\t\t<\/div>\n\t\t\t\t<\/div>\n\t\t\t\t<div class=\"elementor-element elementor-element-cf4e2af elementor-widget elementor-widget-text-editor\" data-id=\"cf4e2af\" data-element_type=\"widget\" data-widget_type=\"text-editor.default\">\n\t\t\t\t<div class=\"elementor-widget-container\">\n\t\t\t\t\t\t\t\t\t<h2 >Frequently Asked Questions<\/h2>\n<h4>WHAT ARE THE EDUROAM RESTRICTIONS?<\/h4>\nRestrictions imposed on the eduroam network are at the discretion of the entity providing the service. At a minimum, eduroam provides basic network connectivity for web browsing (HTTP, secure web (HTTPS). There is no guarantee that \"eduroam\" will provide the same access to resources as at your institution.\n<h4>IS THE EDUROAM NETWORK SECURE?<\/h4>\neduroam wireless networks implement WPA \/ TKIP encryption with 802.1x authentication. Some institutions may offer additional methods such as WPA2\/AES or mixed mode operation (WPA and WPA2). This ensures that your connection to the wireless network is secure, however, you should still continue to use protocols that provide end-to-end encryption such as HTTPS and SSH.\n<h4>WHAT ARE THE TECHNICAL REQUIREMENTS TO USE THE EDUROAM SERVICE?<\/h4>\nConnecting to an \"eduroam\" network requires a WPA compatible wireless adapter and an 802.1x supplicant. The type of EAP (TTLS, PEAP, etc.) required by a user will be the same as the user's home institution.\t\t\t\t\t\t\t\t<\/div>\n\t\t\t\t<\/div>\n\t\t\t\t<div class=\"elementor-element elementor-element-361ed2c elementor-widget elementor-widget-text-editor\" data-id=\"361ed2c\" data-element_type=\"widget\" data-widget_type=\"text-editor.default\">\n\t\t\t\t<div class=\"elementor-widget-container\">\n\t\t\t\t\t\t\t\t\t<h1 id=\"Enlaces\"><\/h1>\t\t\t\t\t\t\t\t<\/div>\n\t\t\t\t<\/div>\n\t\t\t\t<div class=\"elementor-element elementor-element-d6a5b05 elementor-widget elementor-widget-text-editor\" data-id=\"d6a5b05\" data-element_type=\"widget\" data-widget_type=\"text-editor.default\">\n\t\t\t\t<div class=\"elementor-widget-container\">\n\t\t\t\t\t\t\t\t\t<h2 >Links<\/h2>\nIn the following links you will find more information about the eduroam service, as well as the institutions that are part of the service.\n\n<strong><a href=\"http:\/\/www.eduroam.org\/\" target=\"_blank\" rel=\"noopener\">EDUROAM.org<\/a>\u00a0\u00a0<\/strong>\n<strong><a href=\"http:\/\/www.aarnet.edu.au\/default.aspx\" target=\"_blank\" rel=\"noopener\">EDUROAM APAN<\/a>\u00a0\u00a0<\/strong>\n<strong><a href=\"http:\/\/www.terena.org\/\" target=\"_blank\" rel=\"noopener\">EDUROAM CANADA<\/a>\u00a0\u00a0<\/strong>\n<strong><a href=\"http:\/\/www.terena.org\/\" target=\"_blank\" rel=\"noopener\">TERENA<\/a><\/strong>\t\t\t\t\t\t\t\t<\/div>\n\t\t\t\t<\/div>\n\t\t\t\t\t<\/div>\n\t\t<\/div>\n\t\t\t\t\t<\/div>\n\t\t<\/section>\n\t\t\t\t<\/div>","protected":false},"excerpt":{"rendered":"<p>\u00bfQu\u00e9 es Eduroam? Eduroam (Education Roaming) es una red de acceso inal\u00e1mbrico seguro y global para la comunidad acad\u00e9mica e investigadora. Permite que estudiantes, profesores e investigadores de instituciones participantes&hellip;<\/p>\n<p> <a class=\"more-link\" href=\"https:\/\/www.redconare.ac.cr\/en\/eduroam\/\">Leer m\u00e1s<\/a><\/p>","protected":false},"author":1,"featured_media":1824,"parent":0,"menu_order":0,"comment_status":"closed","ping_status":"closed","template":"","meta":{"footnotes":""},"class_list":["post-123","page","type-page","status-publish","has-post-thumbnail"],"yoast_head":"<!-- This site is optimized with the Yoast SEO plugin v25.2 - https:\/\/yoast.com\/wordpress\/plugins\/seo\/ -->\n<title>Eduroam - RedCONARE<\/title>\n<meta name=\"robots\" content=\"index, follow, max-snippet:-1, max-image-preview:large, max-video-preview:-1\" \/>\n<link rel=\"canonical\" href=\"https:\/\/www.redconare.ac.cr\/en\/eduroam\/\" \/>\n<meta property=\"og:locale\" content=\"en_US\" \/>\n<meta property=\"og:type\" content=\"article\" \/>\n<meta property=\"og:title\" content=\"Eduroam - RedCONARE\" \/>\n<meta property=\"og:description\" content=\"\u00bfQu\u00e9 es Eduroam? Eduroam (Education Roaming) es una red de acceso inal\u00e1mbrico seguro y global para la comunidad acad\u00e9mica e investigadora. Permite que estudiantes, profesores e investigadores de instituciones participantes&hellip;  Leer m\u00e1s\" \/>\n<meta property=\"og:url\" content=\"https:\/\/www.redconare.ac.cr\/en\/eduroam\/\" \/>\n<meta property=\"og:site_name\" content=\"RedCONARE\" \/>\n<meta property=\"article:publisher\" content=\"https:\/\/www.facebook.com\/RedCONARE\" \/>\n<meta property=\"article:modified_time\" content=\"2024-09-10T03:44:38+00:00\" \/>\n<meta property=\"og:image\" content=\"https:\/\/www.redconare.ac.cr\/wp-content\/uploads\/2024\/09\/banner-1.jpg\" \/>\n\t<meta property=\"og:image:width\" content=\"1920\" \/>\n\t<meta property=\"og:image:height\" content=\"1200\" \/>\n\t<meta property=\"og:image:type\" content=\"image\/jpeg\" \/>\n<meta name=\"twitter:card\" content=\"summary_large_image\" \/>\n<meta name=\"twitter:site\" content=\"@redconare\" \/>\n<meta name=\"twitter:label1\" content=\"Est. reading time\" \/>\n\t<meta name=\"twitter:data1\" content=\"4 minutes\" \/>\n<script type=\"application\/ld+json\" class=\"yoast-schema-graph\">{\"@context\":\"https:\/\/schema.org\",\"@graph\":[{\"@type\":\"WebPage\",\"@id\":\"https:\/\/www.redconare.ac.cr\/eduroam\/\",\"url\":\"https:\/\/www.redconare.ac.cr\/eduroam\/\",\"name\":\"Eduroam - RedCONARE\",\"isPartOf\":{\"@id\":\"https:\/\/www.redconare.ac.cr\/#website\"},\"primaryImageOfPage\":{\"@id\":\"https:\/\/www.redconare.ac.cr\/eduroam\/#primaryimage\"},\"image\":{\"@id\":\"https:\/\/www.redconare.ac.cr\/eduroam\/#primaryimage\"},\"thumbnailUrl\":\"https:\/\/www.redconare.ac.cr\/wp-content\/uploads\/2024\/09\/banner-1.jpg\",\"datePublished\":\"2023-03-13T16:31:56+00:00\",\"dateModified\":\"2024-09-10T03:44:38+00:00\",\"breadcrumb\":{\"@id\":\"https:\/\/www.redconare.ac.cr\/eduroam\/#breadcrumb\"},\"inLanguage\":\"en-US\",\"potentialAction\":[{\"@type\":\"ReadAction\",\"target\":[\"https:\/\/www.redconare.ac.cr\/eduroam\/\"]}]},{\"@type\":\"ImageObject\",\"inLanguage\":\"en-US\",\"@id\":\"https:\/\/www.redconare.ac.cr\/eduroam\/#primaryimage\",\"url\":\"https:\/\/www.redconare.ac.cr\/wp-content\/uploads\/2024\/09\/banner-1.jpg\",\"contentUrl\":\"https:\/\/www.redconare.ac.cr\/wp-content\/uploads\/2024\/09\/banner-1.jpg\",\"width\":1920,\"height\":1200},{\"@type\":\"BreadcrumbList\",\"@id\":\"https:\/\/www.redconare.ac.cr\/eduroam\/#breadcrumb\",\"itemListElement\":[{\"@type\":\"ListItem\",\"position\":1,\"name\":\"Home\",\"item\":\"https:\/\/www.redconare.ac.cr\/\"},{\"@type\":\"ListItem\",\"position\":2,\"name\":\"Eduroam\"}]},{\"@type\":\"WebSite\",\"@id\":\"https:\/\/www.redconare.ac.cr\/#website\",\"url\":\"https:\/\/www.redconare.ac.cr\/\",\"name\":\"RedCONARE\",\"description\":\"Red Avanzada de Investigaci\u00f3n y Educaci\u00f3n del Consejo Nacional de Rectores de Costa Rica\",\"publisher\":{\"@id\":\"https:\/\/www.redconare.ac.cr\/#organization\"},\"potentialAction\":[{\"@type\":\"SearchAction\",\"target\":{\"@type\":\"EntryPoint\",\"urlTemplate\":\"https:\/\/www.redconare.ac.cr\/?s={search_term_string}\"},\"query-input\":{\"@type\":\"PropertyValueSpecification\",\"valueRequired\":true,\"valueName\":\"search_term_string\"}}],\"inLanguage\":\"en-US\"},{\"@type\":\"Organization\",\"@id\":\"https:\/\/www.redconare.ac.cr\/#organization\",\"name\":\"RedCONARE\",\"url\":\"https:\/\/www.redconare.ac.cr\/\",\"logo\":{\"@type\":\"ImageObject\",\"inLanguage\":\"en-US\",\"@id\":\"https:\/\/www.redconare.ac.cr\/#\/schema\/logo\/image\/\",\"url\":\"http:\/\/10.4.255.54\/wp-content\/uploads\/2024\/08\/cropped-RedCONARE-square.png\",\"contentUrl\":\"http:\/\/10.4.255.54\/wp-content\/uploads\/2024\/08\/cropped-RedCONARE-square.png\",\"width\":512,\"height\":512,\"caption\":\"RedCONARE\"},\"image\":{\"@id\":\"https:\/\/www.redconare.ac.cr\/#\/schema\/logo\/image\/\"},\"sameAs\":[\"https:\/\/www.facebook.com\/RedCONARE\",\"https:\/\/x.com\/redconare\"]}]}<\/script>\n<!-- \/ Yoast SEO plugin. -->","yoast_head_json":{"title":"Eduroam - RedCONARE","robots":{"index":"index","follow":"follow","max-snippet":"max-snippet:-1","max-image-preview":"max-image-preview:large","max-video-preview":"max-video-preview:-1"},"canonical":"https:\/\/www.redconare.ac.cr\/en\/eduroam\/","og_locale":"en_US","og_type":"article","og_title":"Eduroam - RedCONARE","og_description":"\u00bfQu\u00e9 es Eduroam? Eduroam (Education Roaming) es una red de acceso inal\u00e1mbrico seguro y global para la comunidad acad\u00e9mica e investigadora. Permite que estudiantes, profesores e investigadores de instituciones participantes&hellip;  Leer m\u00e1s","og_url":"https:\/\/www.redconare.ac.cr\/en\/eduroam\/","og_site_name":"RedCONARE","article_publisher":"https:\/\/www.facebook.com\/RedCONARE","article_modified_time":"2024-09-10T03:44:38+00:00","og_image":[{"width":1920,"height":1200,"url":"https:\/\/www.redconare.ac.cr\/wp-content\/uploads\/2024\/09\/banner-1.jpg","type":"image\/jpeg"}],"twitter_card":"summary_large_image","twitter_site":"@redconare","twitter_misc":{"Est. reading time":"4 minutes"},"schema":{"@context":"https:\/\/schema.org","@graph":[{"@type":"WebPage","@id":"https:\/\/www.redconare.ac.cr\/eduroam\/","url":"https:\/\/www.redconare.ac.cr\/eduroam\/","name":"Eduroam - RedCONARE","isPartOf":{"@id":"https:\/\/www.redconare.ac.cr\/#website"},"primaryImageOfPage":{"@id":"https:\/\/www.redconare.ac.cr\/eduroam\/#primaryimage"},"image":{"@id":"https:\/\/www.redconare.ac.cr\/eduroam\/#primaryimage"},"thumbnailUrl":"https:\/\/www.redconare.ac.cr\/wp-content\/uploads\/2024\/09\/banner-1.jpg","datePublished":"2023-03-13T16:31:56+00:00","dateModified":"2024-09-10T03:44:38+00:00","breadcrumb":{"@id":"https:\/\/www.redconare.ac.cr\/eduroam\/#breadcrumb"},"inLanguage":"en-US","potentialAction":[{"@type":"ReadAction","target":["https:\/\/www.redconare.ac.cr\/eduroam\/"]}]},{"@type":"ImageObject","inLanguage":"en-US","@id":"https:\/\/www.redconare.ac.cr\/eduroam\/#primaryimage","url":"https:\/\/www.redconare.ac.cr\/wp-content\/uploads\/2024\/09\/banner-1.jpg","contentUrl":"https:\/\/www.redconare.ac.cr\/wp-content\/uploads\/2024\/09\/banner-1.jpg","width":1920,"height":1200},{"@type":"BreadcrumbList","@id":"https:\/\/www.redconare.ac.cr\/eduroam\/#breadcrumb","itemListElement":[{"@type":"ListItem","position":1,"name":"Home","item":"https:\/\/www.redconare.ac.cr\/"},{"@type":"ListItem","position":2,"name":"Eduroam"}]},{"@type":"WebSite","@id":"https:\/\/www.redconare.ac.cr\/#website","url":"https:\/\/www.redconare.ac.cr\/","name":"RedCONARE","description":"Red Avanzada de Investigaci\u00f3n y Educaci\u00f3n del Consejo Nacional de Rectores de Costa Rica","publisher":{"@id":"https:\/\/www.redconare.ac.cr\/#organization"},"potentialAction":[{"@type":"SearchAction","target":{"@type":"EntryPoint","urlTemplate":"https:\/\/www.redconare.ac.cr\/?s={search_term_string}"},"query-input":{"@type":"PropertyValueSpecification","valueRequired":true,"valueName":"search_term_string"}}],"inLanguage":"en-US"},{"@type":"Organization","@id":"https:\/\/www.redconare.ac.cr\/#organization","name":"RedCONARE","url":"https:\/\/www.redconare.ac.cr\/","logo":{"@type":"ImageObject","inLanguage":"en-US","@id":"https:\/\/www.redconare.ac.cr\/#\/schema\/logo\/image\/","url":"http:\/\/10.4.255.54\/wp-content\/uploads\/2024\/08\/cropped-RedCONARE-square.png","contentUrl":"http:\/\/10.4.255.54\/wp-content\/uploads\/2024\/08\/cropped-RedCONARE-square.png","width":512,"height":512,"caption":"RedCONARE"},"image":{"@id":"https:\/\/www.redconare.ac.cr\/#\/schema\/logo\/image\/"},"sameAs":["https:\/\/www.facebook.com\/RedCONARE","https:\/\/x.com\/redconare"]}]}},"jetpack_sharing_enabled":true,"_links":{"self":[{"href":"https:\/\/www.redconare.ac.cr\/en\/wp-json\/wp\/v2\/pages\/123","targetHints":{"allow":["GET"]}}],"collection":[{"href":"https:\/\/www.redconare.ac.cr\/en\/wp-json\/wp\/v2\/pages"}],"about":[{"href":"https:\/\/www.redconare.ac.cr\/en\/wp-json\/wp\/v2\/types\/page"}],"author":[{"embeddable":true,"href":"https:\/\/www.redconare.ac.cr\/en\/wp-json\/wp\/v2\/users\/1"}],"replies":[{"embeddable":true,"href":"https:\/\/www.redconare.ac.cr\/en\/wp-json\/wp\/v2\/comments?post=123"}],"version-history":[{"count":0,"href":"https:\/\/www.redconare.ac.cr\/en\/wp-json\/wp\/v2\/pages\/123\/revisions"}],"wp:featuredmedia":[{"embeddable":true,"href":"https:\/\/www.redconare.ac.cr\/en\/wp-json\/wp\/v2\/media\/1824"}],"wp:attachment":[{"href":"https:\/\/www.redconare.ac.cr\/en\/wp-json\/wp\/v2\/media?parent=123"}],"curies":[{"name":"wp","href":"https:\/\/api.w.org\/{rel}","templated":true}]}}